{"id":70,"date":"2024-08-01T11:29:55","date_gmt":"2024-08-01T11:29:55","guid":{"rendered":"http:\/\/www.angelspineda.com\/?page_id=70"},"modified":"2024-08-02T09:51:35","modified_gmt":"2024-08-02T09:51:35","slug":"presentacions","status":"publish","type":"page","link":"https:\/\/www.angelspineda.com\/index.php\/presentacions\/","title":{"rendered":"Presentacions"},"content":{"rendered":"\n<p class=\"has-superbfont-medium-font-size\">He presentat Les Singles a la llibreria Barra Llibre de Barcelona, a la Biblioteca central d&#8217;Igualada, a la Biblioteca de Sant Sadurn\u00ed d&#8217;Anoia, a la Biblioteca Mont-\u00c0gora, a la llibreria La Figaflor d&#8217;Abrera&#8230;<\/p>\n\n\n\n<p><\/p>\n\n\n\n<p>A Igualada acompanyada de M\u00f2nica Socias i Oriol Sol\u00e0:<\/p>\n\n\n\n<figure class=\"wp-block-gallery has-nested-images columns-default is-cropped wp-block-gallery-1 is-layout-flex wp-block-gallery-is-layout-flex\">\n<figure class=\"wp-block-image size-full\"><img fetchpriority=\"high\" decoding=\"async\" width=\"800\" height=\"600\" data-id=\"230\" src=\"http:\/\/www.angelspineda.com\/wp-content\/uploads\/2024\/08\/19-P1000796.jpg\" alt=\"\" class=\"wp-image-230\" srcset=\"https:\/\/www.angelspineda.com\/wp-content\/uploads\/2024\/08\/19-P1000796.jpg 800w, https:\/\/www.angelspineda.com\/wp-content\/uploads\/2024\/08\/19-P1000796-300x225.jpg 300w, https:\/\/www.angelspineda.com\/wp-content\/uploads\/2024\/08\/19-P1000796-768x576.jpg 768w\" sizes=\"(max-width: 800px) 100vw, 800px\" \/><\/figure>\n\n\n\n<figure class=\"wp-block-image size-full\"><img decoding=\"async\" width=\"684\" height=\"599\" data-id=\"51\" src=\"http:\/\/www.angelspineda.com\/wp-content\/uploads\/2024\/07\/06-P1000779-1.png\" alt=\"\" class=\"wp-image-51\" srcset=\"https:\/\/www.angelspineda.com\/wp-content\/uploads\/2024\/07\/06-P1000779-1.png 684w, https:\/\/www.angelspineda.com\/wp-content\/uploads\/2024\/07\/06-P1000779-1-300x263.png 300w\" sizes=\"(max-width: 684px) 100vw, 684px\" \/><\/figure>\n<\/figure>\n\n\n\n<figure class=\"wp-block-gallery has-nested-images columns-default is-cropped wp-block-gallery-2 is-layout-flex wp-block-gallery-is-layout-flex\">\n<figure class=\"wp-block-image size-full\"><img decoding=\"async\" width=\"800\" height=\"385\" data-id=\"231\" src=\"http:\/\/www.angelspineda.com\/wp-content\/uploads\/2024\/08\/25-P1000810.jpg\" alt=\"\" class=\"wp-image-231\" srcset=\"https:\/\/www.angelspineda.com\/wp-content\/uploads\/2024\/08\/25-P1000810.jpg 800w, https:\/\/www.angelspineda.com\/wp-content\/uploads\/2024\/08\/25-P1000810-300x144.jpg 300w, https:\/\/www.angelspineda.com\/wp-content\/uploads\/2024\/08\/25-P1000810-768x370.jpg 768w\" sizes=\"(max-width: 800px) 100vw, 800px\" \/><\/figure>\n<\/figure>\n\n\n\n<figure class=\"wp-block-gallery has-nested-images columns-default is-cropped wp-block-gallery-3 is-layout-flex wp-block-gallery-is-layout-flex\">\n<figure class=\"wp-block-image size-full\"><img loading=\"lazy\" decoding=\"async\" width=\"800\" height=\"600\" data-id=\"62\" src=\"http:\/\/www.angelspineda.com\/wp-content\/uploads\/2024\/07\/29-P1000814.jpg\" alt=\"\" class=\"wp-image-62\" srcset=\"https:\/\/www.angelspineda.com\/wp-content\/uploads\/2024\/07\/29-P1000814.jpg 800w, https:\/\/www.angelspineda.com\/wp-content\/uploads\/2024\/07\/29-P1000814-300x225.jpg 300w, https:\/\/www.angelspineda.com\/wp-content\/uploads\/2024\/07\/29-P1000814-768x576.jpg 768w\" sizes=\"(max-width: 800px) 100vw, 800px\" \/><\/figure>\n\n\n\n<figure class=\"wp-block-image size-full\"><img loading=\"lazy\" decoding=\"async\" width=\"600\" height=\"800\" data-id=\"233\" src=\"http:\/\/www.angelspineda.com\/wp-content\/uploads\/2024\/08\/24-P1000807.jpg\" alt=\"\" class=\"wp-image-233\" srcset=\"https:\/\/www.angelspineda.com\/wp-content\/uploads\/2024\/08\/24-P1000807.jpg 600w, https:\/\/www.angelspineda.com\/wp-content\/uploads\/2024\/08\/24-P1000807-225x300.jpg 225w\" sizes=\"(max-width: 600px) 100vw, 600px\" \/><\/figure>\n<\/figure>\n\n\n\n<p><\/p>\n\n\n\n<p>A Sant Sadurn\u00ed acompanyada de J\u00falia Gum\u00e0 i Jep Bargall\u00f3:<\/p>\n\n\n\n<figure class=\"wp-block-embed is-type-video is-provider-youtube wp-block-embed-youtube wp-embed-aspect-16-9 wp-has-aspect-ratio\"><div class=\"wp-block-embed__wrapper\">\n<iframe title=\"Presentaci\u00f3 del llibre de relats \u201cLes singles\u201d d&#039;\u00c0ngels Pineda 29\/03\/2023 i 2a part\" width=\"500\" height=\"281\" src=\"https:\/\/www.youtube.com\/embed\/vXEd-ws880E?feature=oembed\" frameborder=\"0\" allow=\"accelerometer; autoplay; clipboard-write; encrypted-media; gyroscope; picture-in-picture; web-share\" referrerpolicy=\"strict-origin-when-cross-origin\" allowfullscreen><\/iframe>\n<\/div><\/figure>\n\n\n\n<p><\/p>\n\n\n\n<p>A Barra Lliure (Barcelona) acompanyada de M\u00edriam Freixas:<\/p>\n\n\n\n<figure class=\"wp-block-video\"><video height=\"1080\" style=\"aspect-ratio: 1920 \/ 1080;\" width=\"1920\" controls src=\"http:\/\/www.angelspineda.com\/wp-content\/uploads\/2024\/07\/Fragment-video-Angels.mp4\"><\/video><\/figure>\n\n\n\n<p><\/p>\n\n\n\n<p class=\"has-superbfont-medium-font-size\">I aix\u00f2 no \u00e9s tot, tamb\u00e9 he sortit per la tele parlant de petites biblioteques:<\/p>\n\n\n\n<figure class=\"wp-block-embed is-type-video is-provider-youtube wp-block-embed-youtube wp-embed-aspect-16-9 wp-has-aspect-ratio\"><div class=\"wp-block-embed__wrapper\">\n<iframe title=\"S&#039;instal\u00b7len Petites Biblioteques Lliures per apropar la lectura als barris d&#039;Igualada - Fet a mida\" width=\"500\" height=\"281\" src=\"https:\/\/www.youtube.com\/embed\/62dA2e4U5bM?feature=oembed\" frameborder=\"0\" allow=\"accelerometer; autoplay; clipboard-write; encrypted-media; gyroscope; picture-in-picture; web-share\" referrerpolicy=\"strict-origin-when-cross-origin\" allowfullscreen><\/iframe>\n<\/div><\/figure>\n","protected":false},"excerpt":{"rendered":"<p>He presentat Les Singles a la llibreria Barra Llibre de Barcelona, a la Biblioteca central d&#8217;Igualada, a la Biblioteca de Sant Sadurn\u00ed d&#8217;Anoia, a la Biblioteca Mont-\u00c0gora, a la llibreria La Figaflor d&#8217;Abrera&#8230; A Igualada acompanyada de M\u00f2nica Socias i Oriol Sol\u00e0: A Sant Sadurn\u00ed acompanyada de J\u00falia Gum\u00e0 i Jep Bargall\u00f3: A Barra Lliure [&hellip;]<\/p>\n","protected":false},"author":1,"featured_media":0,"parent":0,"menu_order":0,"comment_status":"closed","ping_status":"closed","template":"","meta":{"footnotes":""},"class_list":["post-70","page","type-page","status-publish","hentry"],"_links":{"self":[{"href":"https:\/\/www.angelspineda.com\/index.php\/wp-json\/wp\/v2\/pages\/70","targetHints":{"allow":["GET"]}}],"collection":[{"href":"https:\/\/www.angelspineda.com\/index.php\/wp-json\/wp\/v2\/pages"}],"about":[{"href":"https:\/\/www.angelspineda.com\/index.php\/wp-json\/wp\/v2\/types\/page"}],"author":[{"embeddable":true,"href":"https:\/\/www.angelspineda.com\/index.php\/wp-json\/wp\/v2\/users\/1"}],"replies":[{"embeddable":true,"href":"https:\/\/www.angelspineda.com\/index.php\/wp-json\/wp\/v2\/comments?post=70"}],"version-history":[{"count":5,"href":"https:\/\/www.angelspineda.com\/index.php\/wp-json\/wp\/v2\/pages\/70\/revisions"}],"predecessor-version":[{"id":341,"href":"https:\/\/www.angelspineda.com\/index.php\/wp-json\/wp\/v2\/pages\/70\/revisions\/341"}],"wp:attachment":[{"href":"https:\/\/www.angelspineda.com\/index.php\/wp-json\/wp\/v2\/media?parent=70"}],"curies":[{"name":"wp","href":"https:\/\/api.w.org\/{rel}","templated":true}]}}